{"id":147,"date":"2024-07-03T11:20:32","date_gmt":"2024-07-03T15:20:32","guid":{"rendered":"https:\/\/chateaucartierhotelresort.com\/\/?page_id=147"},"modified":"2025-09-15T13:06:55","modified_gmt":"2025-09-15T17:06:55","slug":"spa","status":"publish","type":"page","link":"https:\/\/chateaucartierhotelresort.com\/en\/spa-golf\/spa\/","title":{"rendered":"Spa"},"content":{"rendered":"","protected":false},"excerpt":{"rendered":"","protected":false},"author":1,"featured_media":0,"parent":145,"menu_order":0,"comment_status":"closed","ping_status":"closed","template":"","meta":{"_acf_changed":false,"footnotes":""},"class_list":["post-147","page","type-page","status-publish","hentry","entry"],"acf":[],"yoast_head":"<!-- This site is optimized with the Yoast SEO Premium plugin v26.6 (Yoast SEO v26.6) - https:\/\/yoast.com\/wordpress\/plugins\/seo\/ -->\n<title>Ch\u00e2teau Cartier Hotel Gatineau - Spa<\/title>\n<meta name=\"description\" content=\"Experience Spa at Ch\u00e2teau Cartier in Gatineau. Enjoy relaxing treatments and rejuvenating wellness services in a tranquil setting.\" \/>\n<meta name=\"robots\" content=\"index, follow, max-snippet:-1, max-image-preview:large, max-video-preview:-1\" \/>\n<link rel=\"canonical\" href=\"https:\/\/chateaucartierhotelresort.com\/en\/spa-golf\/spa\/\" \/>\n<meta property=\"og:locale\" content=\"en_US\" \/>\n<meta property=\"og:type\" content=\"article\" \/>\n<meta property=\"og:title\" content=\"Spa\" \/>\n<meta property=\"og:description\" content=\"Experience Spa at Ch\u00e2teau Cartier in Gatineau. Enjoy relaxing treatments and rejuvenating wellness services in a tranquil setting.\" \/>\n<meta property=\"og:url\" content=\"https:\/\/chateaucartierhotelresort.com\/en\/spa-golf\/spa\/\" \/>\n<meta property=\"og:site_name\" content=\"Gatineau H\u00f4tel Spa Ascend H\u00f4tel Collection - Ch\u00e2teau Cartier H\u00f4tel &amp; Resort\" \/>\n<meta property=\"article:modified_time\" content=\"2025-09-15T17:06:55+00:00\" \/>\n<meta name=\"twitter:card\" content=\"summary_large_image\" \/>\n<script type=\"application\/ld+json\" class=\"yoast-schema-graph\">{\"@context\":\"https:\/\/schema.org\",\"@graph\":[{\"@type\":\"WebPage\",\"@id\":\"https:\/\/chateaucartierhotelresort.com\/en\/spa-golf\/spa\/\",\"url\":\"https:\/\/chateaucartierhotelresort.com\/en\/spa-golf\/spa\/\",\"name\":\"Ch\u00e2teau Cartier Hotel Gatineau - Spa\",\"isPartOf\":{\"@id\":\"https:\/\/chateaucartierhotelresort.com\/#website\"},\"datePublished\":\"2024-07-03T15:20:32+00:00\",\"dateModified\":\"2025-09-15T17:06:55+00:00\",\"description\":\"Experience Spa at Ch\u00e2teau Cartier in Gatineau. Enjoy relaxing treatments and rejuvenating wellness services in a tranquil setting.\",\"breadcrumb\":{\"@id\":\"https:\/\/chateaucartierhotelresort.com\/en\/spa-golf\/spa\/#breadcrumb\"},\"inLanguage\":\"en-US\",\"potentialAction\":[{\"@type\":\"ReadAction\",\"target\":[\"https:\/\/chateaucartierhotelresort.com\/en\/spa-golf\/spa\/\"]}]},{\"@type\":\"BreadcrumbList\",\"@id\":\"https:\/\/chateaucartierhotelresort.com\/en\/spa-golf\/spa\/#breadcrumb\",\"itemListElement\":[{\"@type\":\"ListItem\",\"position\":1,\"name\":\"Home\",\"item\":\"https:\/\/chateaucartierhotelresort.com\/en\/\"},{\"@type\":\"ListItem\",\"position\":2,\"name\":\"Spa &#038; Golf\",\"item\":\"https:\/\/chateaucartierhotelresort.com\/en\/spa-golf\/\"},{\"@type\":\"ListItem\",\"position\":3,\"name\":\"Spa\"}]},{\"@type\":\"WebSite\",\"@id\":\"https:\/\/chateaucartierhotelresort.com\/#website\",\"url\":\"https:\/\/chateaucartierhotelresort.com\/\",\"name\":\"Gatineau H\u00f4tel Spa Ascend H\u00f4tel Collection - Ch\u00e2teau Cartier H\u00f4tel &amp; Resort\",\"description\":\"\",\"potentialAction\":[{\"@type\":\"SearchAction\",\"target\":{\"@type\":\"EntryPoint\",\"urlTemplate\":\"https:\/\/chateaucartierhotelresort.com\/?s={search_term_string}\"},\"query-input\":{\"@type\":\"PropertyValueSpecification\",\"valueRequired\":true,\"valueName\":\"search_term_string\"}}],\"inLanguage\":\"en-US\"}]}<\/script>\n<!-- \/ Yoast SEO Premium plugin. -->","yoast_head_json":{"title":"Ch\u00e2teau Cartier Hotel Gatineau - Spa","description":"Experience Spa at Ch\u00e2teau Cartier in Gatineau. Enjoy relaxing treatments and rejuvenating wellness services in a tranquil setting.","robots":{"index":"index","follow":"follow","max-snippet":"max-snippet:-1","max-image-preview":"max-image-preview:large","max-video-preview":"max-video-preview:-1"},"canonical":"https:\/\/chateaucartierhotelresort.com\/en\/spa-golf\/spa\/","og_locale":"en_US","og_type":"article","og_title":"Spa","og_description":"Experience Spa at Ch\u00e2teau Cartier in Gatineau. Enjoy relaxing treatments and rejuvenating wellness services in a tranquil setting.","og_url":"https:\/\/chateaucartierhotelresort.com\/en\/spa-golf\/spa\/","og_site_name":"Gatineau H\u00f4tel Spa Ascend H\u00f4tel Collection - Ch\u00e2teau Cartier H\u00f4tel &amp; Resort","article_modified_time":"2025-09-15T17:06:55+00:00","twitter_card":"summary_large_image","schema":{"@context":"https:\/\/schema.org","@graph":[{"@type":"WebPage","@id":"https:\/\/chateaucartierhotelresort.com\/en\/spa-golf\/spa\/","url":"https:\/\/chateaucartierhotelresort.com\/en\/spa-golf\/spa\/","name":"Ch\u00e2teau Cartier Hotel Gatineau - Spa","isPartOf":{"@id":"https:\/\/chateaucartierhotelresort.com\/#website"},"datePublished":"2024-07-03T15:20:32+00:00","dateModified":"2025-09-15T17:06:55+00:00","description":"Experience Spa at Ch\u00e2teau Cartier in Gatineau. Enjoy relaxing treatments and rejuvenating wellness services in a tranquil setting.","breadcrumb":{"@id":"https:\/\/chateaucartierhotelresort.com\/en\/spa-golf\/spa\/#breadcrumb"},"inLanguage":"en-US","potentialAction":[{"@type":"ReadAction","target":["https:\/\/chateaucartierhotelresort.com\/en\/spa-golf\/spa\/"]}]},{"@type":"BreadcrumbList","@id":"https:\/\/chateaucartierhotelresort.com\/en\/spa-golf\/spa\/#breadcrumb","itemListElement":[{"@type":"ListItem","position":1,"name":"Home","item":"https:\/\/chateaucartierhotelresort.com\/en\/"},{"@type":"ListItem","position":2,"name":"Spa &#038; Golf","item":"https:\/\/chateaucartierhotelresort.com\/en\/spa-golf\/"},{"@type":"ListItem","position":3,"name":"Spa"}]},{"@type":"WebSite","@id":"https:\/\/chateaucartierhotelresort.com\/#website","url":"https:\/\/chateaucartierhotelresort.com\/","name":"Gatineau H\u00f4tel Spa Ascend H\u00f4tel Collection - Ch\u00e2teau Cartier H\u00f4tel &amp; Resort","description":"","potentialAction":[{"@type":"SearchAction","target":{"@type":"EntryPoint","urlTemplate":"https:\/\/chateaucartierhotelresort.com\/?s={search_term_string}"},"query-input":{"@type":"PropertyValueSpecification","valueRequired":true,"valueName":"search_term_string"}}],"inLanguage":"en-US"}]}},"_links":{"self":[{"href":"https:\/\/chateaucartierhotelresort.com\/en\/wp-json\/wp\/v2\/pages\/147","targetHints":{"allow":["GET"]}}],"collection":[{"href":"https:\/\/chateaucartierhotelresort.com\/en\/wp-json\/wp\/v2\/pages"}],"about":[{"href":"https:\/\/chateaucartierhotelresort.com\/en\/wp-json\/wp\/v2\/types\/page"}],"author":[{"embeddable":true,"href":"https:\/\/chateaucartierhotelresort.com\/en\/wp-json\/wp\/v2\/users\/1"}],"replies":[{"embeddable":true,"href":"https:\/\/chateaucartierhotelresort.com\/en\/wp-json\/wp\/v2\/comments?post=147"}],"version-history":[{"count":9,"href":"https:\/\/chateaucartierhotelresort.com\/en\/wp-json\/wp\/v2\/pages\/147\/revisions"}],"predecessor-version":[{"id":905,"href":"https:\/\/chateaucartierhotelresort.com\/en\/wp-json\/wp\/v2\/pages\/147\/revisions\/905"}],"up":[{"embeddable":true,"href":"https:\/\/chateaucartierhotelresort.com\/en\/wp-json\/wp\/v2\/pages\/145"}],"wp:attachment":[{"href":"https:\/\/chateaucartierhotelresort.com\/en\/wp-json\/wp\/v2\/media?parent=147"}],"curies":[{"name":"wp","href":"https:\/\/api.w.org\/{rel}","templated":true}]}}