{"id":149,"date":"2024-07-03T11:20:48","date_gmt":"2024-07-03T15:20:48","guid":{"rendered":"https:\/\/chateaucartierhotelresort.com\/\/?page_id=149"},"modified":"2024-09-06T14:32:41","modified_gmt":"2024-09-06T18:32:41","slug":"malama","status":"publish","type":"page","link":"https:\/\/chateaucartierhotelresort.com\/en\/spa-golf\/malama\/","title":{"rendered":"M\u0101lama"},"content":{"rendered":"","protected":false},"excerpt":{"rendered":"","protected":false},"author":1,"featured_media":0,"parent":145,"menu_order":1,"comment_status":"closed","ping_status":"closed","template":"","meta":{"_acf_changed":false,"footnotes":""},"class_list":["post-149","page","type-page","status-publish","hentry","entry"],"acf":[],"yoast_head":"<!-- This site is optimized with the Yoast SEO Premium plugin v26.6 (Yoast SEO v26.6) - https:\/\/yoast.com\/wordpress\/plugins\/seo\/ -->\n<title>Malama - Ch\u00e2teau Cartier Hotel &amp; Resort Gatineau<\/title>\n<meta name=\"description\" content=\"Relax at Malama at Ch\u00e2teau Cartier in Gatineau. Experience unique wellness treatments and a serene environment for ultimate relaxation.\" \/>\n<meta name=\"robots\" content=\"index, follow, max-snippet:-1, max-image-preview:large, max-video-preview:-1\" \/>\n<link rel=\"canonical\" href=\"https:\/\/chateaucartierhotelresort.com\/en\/spa-golf\/malama\/\" \/>\n<meta property=\"og:locale\" content=\"en_US\" \/>\n<meta property=\"og:type\" content=\"article\" \/>\n<meta property=\"og:title\" content=\"M\u0101lama\" \/>\n<meta property=\"og:description\" content=\"Relax at Malama at Ch\u00e2teau Cartier in Gatineau. Experience unique wellness treatments and a serene environment for ultimate relaxation.\" \/>\n<meta property=\"og:url\" content=\"https:\/\/chateaucartierhotelresort.com\/en\/spa-golf\/malama\/\" \/>\n<meta property=\"og:site_name\" content=\"Gatineau H\u00f4tel Spa Ascend H\u00f4tel Collection - Ch\u00e2teau Cartier H\u00f4tel &amp; Resort\" \/>\n<meta property=\"article:modified_time\" content=\"2024-09-06T18:32:41+00:00\" \/>\n<meta name=\"twitter:card\" content=\"summary_large_image\" \/>\n<script type=\"application\/ld+json\" class=\"yoast-schema-graph\">{\"@context\":\"https:\/\/schema.org\",\"@graph\":[{\"@type\":\"WebPage\",\"@id\":\"https:\/\/chateaucartierhotelresort.com\/en\/spa-golf\/malama\/\",\"url\":\"https:\/\/chateaucartierhotelresort.com\/en\/spa-golf\/malama\/\",\"name\":\"Malama - Ch\u00e2teau Cartier Hotel & Resort Gatineau\",\"isPartOf\":{\"@id\":\"https:\/\/chateaucartierhotelresort.com\/#website\"},\"datePublished\":\"2024-07-03T15:20:48+00:00\",\"dateModified\":\"2024-09-06T18:32:41+00:00\",\"description\":\"Relax at Malama at Ch\u00e2teau Cartier in Gatineau. Experience unique wellness treatments and a serene environment for ultimate relaxation.\",\"breadcrumb\":{\"@id\":\"https:\/\/chateaucartierhotelresort.com\/en\/spa-golf\/malama\/#breadcrumb\"},\"inLanguage\":\"en-US\",\"potentialAction\":[{\"@type\":\"ReadAction\",\"target\":[\"https:\/\/chateaucartierhotelresort.com\/en\/spa-golf\/malama\/\"]}]},{\"@type\":\"BreadcrumbList\",\"@id\":\"https:\/\/chateaucartierhotelresort.com\/en\/spa-golf\/malama\/#breadcrumb\",\"itemListElement\":[{\"@type\":\"ListItem\",\"position\":1,\"name\":\"Home\",\"item\":\"https:\/\/chateaucartierhotelresort.com\/en\/\"},{\"@type\":\"ListItem\",\"position\":2,\"name\":\"Spa &#038; Golf\",\"item\":\"https:\/\/chateaucartierhotelresort.com\/en\/spa-golf\/\"},{\"@type\":\"ListItem\",\"position\":3,\"name\":\"M\u0101lama\"}]},{\"@type\":\"WebSite\",\"@id\":\"https:\/\/chateaucartierhotelresort.com\/#website\",\"url\":\"https:\/\/chateaucartierhotelresort.com\/\",\"name\":\"Gatineau H\u00f4tel Spa Ascend H\u00f4tel Collection - Ch\u00e2teau Cartier H\u00f4tel &amp; Resort\",\"description\":\"\",\"potentialAction\":[{\"@type\":\"SearchAction\",\"target\":{\"@type\":\"EntryPoint\",\"urlTemplate\":\"https:\/\/chateaucartierhotelresort.com\/?s={search_term_string}\"},\"query-input\":{\"@type\":\"PropertyValueSpecification\",\"valueRequired\":true,\"valueName\":\"search_term_string\"}}],\"inLanguage\":\"en-US\"}]}<\/script>\n<!-- \/ Yoast SEO Premium plugin. -->","yoast_head_json":{"title":"Malama - Ch\u00e2teau Cartier Hotel & Resort Gatineau","description":"Relax at Malama at Ch\u00e2teau Cartier in Gatineau. Experience unique wellness treatments and a serene environment for ultimate relaxation.","robots":{"index":"index","follow":"follow","max-snippet":"max-snippet:-1","max-image-preview":"max-image-preview:large","max-video-preview":"max-video-preview:-1"},"canonical":"https:\/\/chateaucartierhotelresort.com\/en\/spa-golf\/malama\/","og_locale":"en_US","og_type":"article","og_title":"M\u0101lama","og_description":"Relax at Malama at Ch\u00e2teau Cartier in Gatineau. Experience unique wellness treatments and a serene environment for ultimate relaxation.","og_url":"https:\/\/chateaucartierhotelresort.com\/en\/spa-golf\/malama\/","og_site_name":"Gatineau H\u00f4tel Spa Ascend H\u00f4tel Collection - Ch\u00e2teau Cartier H\u00f4tel &amp; Resort","article_modified_time":"2024-09-06T18:32:41+00:00","twitter_card":"summary_large_image","schema":{"@context":"https:\/\/schema.org","@graph":[{"@type":"WebPage","@id":"https:\/\/chateaucartierhotelresort.com\/en\/spa-golf\/malama\/","url":"https:\/\/chateaucartierhotelresort.com\/en\/spa-golf\/malama\/","name":"Malama - Ch\u00e2teau Cartier Hotel & Resort Gatineau","isPartOf":{"@id":"https:\/\/chateaucartierhotelresort.com\/#website"},"datePublished":"2024-07-03T15:20:48+00:00","dateModified":"2024-09-06T18:32:41+00:00","description":"Relax at Malama at Ch\u00e2teau Cartier in Gatineau. Experience unique wellness treatments and a serene environment for ultimate relaxation.","breadcrumb":{"@id":"https:\/\/chateaucartierhotelresort.com\/en\/spa-golf\/malama\/#breadcrumb"},"inLanguage":"en-US","potentialAction":[{"@type":"ReadAction","target":["https:\/\/chateaucartierhotelresort.com\/en\/spa-golf\/malama\/"]}]},{"@type":"BreadcrumbList","@id":"https:\/\/chateaucartierhotelresort.com\/en\/spa-golf\/malama\/#breadcrumb","itemListElement":[{"@type":"ListItem","position":1,"name":"Home","item":"https:\/\/chateaucartierhotelresort.com\/en\/"},{"@type":"ListItem","position":2,"name":"Spa &#038; Golf","item":"https:\/\/chateaucartierhotelresort.com\/en\/spa-golf\/"},{"@type":"ListItem","position":3,"name":"M\u0101lama"}]},{"@type":"WebSite","@id":"https:\/\/chateaucartierhotelresort.com\/#website","url":"https:\/\/chateaucartierhotelresort.com\/","name":"Gatineau H\u00f4tel Spa Ascend H\u00f4tel Collection - Ch\u00e2teau Cartier H\u00f4tel &amp; Resort","description":"","potentialAction":[{"@type":"SearchAction","target":{"@type":"EntryPoint","urlTemplate":"https:\/\/chateaucartierhotelresort.com\/?s={search_term_string}"},"query-input":{"@type":"PropertyValueSpecification","valueRequired":true,"valueName":"search_term_string"}}],"inLanguage":"en-US"}]}},"_links":{"self":[{"href":"https:\/\/chateaucartierhotelresort.com\/en\/wp-json\/wp\/v2\/pages\/149","targetHints":{"allow":["GET"]}}],"collection":[{"href":"https:\/\/chateaucartierhotelresort.com\/en\/wp-json\/wp\/v2\/pages"}],"about":[{"href":"https:\/\/chateaucartierhotelresort.com\/en\/wp-json\/wp\/v2\/types\/page"}],"author":[{"embeddable":true,"href":"https:\/\/chateaucartierhotelresort.com\/en\/wp-json\/wp\/v2\/users\/1"}],"replies":[{"embeddable":true,"href":"https:\/\/chateaucartierhotelresort.com\/en\/wp-json\/wp\/v2\/comments?post=149"}],"version-history":[{"count":3,"href":"https:\/\/chateaucartierhotelresort.com\/en\/wp-json\/wp\/v2\/pages\/149\/revisions"}],"predecessor-version":[{"id":523,"href":"https:\/\/chateaucartierhotelresort.com\/en\/wp-json\/wp\/v2\/pages\/149\/revisions\/523"}],"up":[{"embeddable":true,"href":"https:\/\/chateaucartierhotelresort.com\/en\/wp-json\/wp\/v2\/pages\/145"}],"wp:attachment":[{"href":"https:\/\/chateaucartierhotelresort.com\/en\/wp-json\/wp\/v2\/media?parent=149"}],"curies":[{"name":"wp","href":"https:\/\/api.w.org\/{rel}","templated":true}]}}