{"id":160,"date":"2024-07-03T11:24:14","date_gmt":"2024-07-03T15:24:14","guid":{"rendered":"https:\/\/chateaucartierhotelresort.com\/\/?page_id=160"},"modified":"2024-09-06T14:43:44","modified_gmt":"2024-09-06T18:43:44","slug":"newsletter","status":"publish","type":"page","link":"https:\/\/chateaucartierhotelresort.com\/en\/newsletter\/","title":{"rendered":"Newsletter"},"content":{"rendered":"","protected":false},"excerpt":{"rendered":"","protected":false},"author":1,"featured_media":0,"parent":0,"menu_order":11,"comment_status":"closed","ping_status":"closed","template":"","meta":{"_acf_changed":false,"footnotes":""},"class_list":["post-160","page","type-page","status-publish","hentry","entry"],"acf":[],"yoast_head":"<!-- This site is optimized with the Yoast SEO Premium plugin v26.6 (Yoast SEO v26.6) - https:\/\/yoast.com\/wordpress\/plugins\/seo\/ -->\n<title>Newsletter - Ch\u00e2teau Cartier and Hotel Gatineau<\/title>\n<meta name=\"description\" content=\"Subscribe to the Ch\u00e2teau Cartier newsletter for updates, exclusive offers, and news about our Gatineau hotel and resort.\" \/>\n<meta name=\"robots\" content=\"index, follow, max-snippet:-1, max-image-preview:large, max-video-preview:-1\" \/>\n<link rel=\"canonical\" href=\"https:\/\/chateaucartierhotelresort.com\/en\/newsletter\/\" \/>\n<meta property=\"og:locale\" content=\"en_US\" \/>\n<meta property=\"og:type\" content=\"article\" \/>\n<meta property=\"og:title\" content=\"Newsletter\" \/>\n<meta property=\"og:description\" content=\"Subscribe to the Ch\u00e2teau Cartier newsletter for updates, exclusive offers, and news about our Gatineau hotel and resort.\" \/>\n<meta property=\"og:url\" content=\"https:\/\/chateaucartierhotelresort.com\/en\/newsletter\/\" \/>\n<meta property=\"og:site_name\" content=\"Gatineau H\u00f4tel Spa Ascend H\u00f4tel Collection - Ch\u00e2teau Cartier H\u00f4tel &amp; Resort\" \/>\n<meta property=\"article:modified_time\" content=\"2024-09-06T18:43:44+00:00\" \/>\n<meta name=\"twitter:card\" content=\"summary_large_image\" \/>\n<script type=\"application\/ld+json\" class=\"yoast-schema-graph\">{\"@context\":\"https:\/\/schema.org\",\"@graph\":[{\"@type\":\"WebPage\",\"@id\":\"https:\/\/chateaucartierhotelresort.com\/en\/newsletter\/\",\"url\":\"https:\/\/chateaucartierhotelresort.com\/en\/newsletter\/\",\"name\":\"Newsletter - Ch\u00e2teau Cartier and Hotel Gatineau\",\"isPartOf\":{\"@id\":\"https:\/\/chateaucartierhotelresort.com\/#website\"},\"datePublished\":\"2024-07-03T15:24:14+00:00\",\"dateModified\":\"2024-09-06T18:43:44+00:00\",\"description\":\"Subscribe to the Ch\u00e2teau Cartier newsletter for updates, exclusive offers, and news about our Gatineau hotel and resort.\",\"breadcrumb\":{\"@id\":\"https:\/\/chateaucartierhotelresort.com\/en\/newsletter\/#breadcrumb\"},\"inLanguage\":\"en-US\",\"potentialAction\":[{\"@type\":\"ReadAction\",\"target\":[\"https:\/\/chateaucartierhotelresort.com\/en\/newsletter\/\"]}]},{\"@type\":\"BreadcrumbList\",\"@id\":\"https:\/\/chateaucartierhotelresort.com\/en\/newsletter\/#breadcrumb\",\"itemListElement\":[{\"@type\":\"ListItem\",\"position\":1,\"name\":\"Home\",\"item\":\"https:\/\/chateaucartierhotelresort.com\/en\/\"},{\"@type\":\"ListItem\",\"position\":2,\"name\":\"Newsletter\"}]},{\"@type\":\"WebSite\",\"@id\":\"https:\/\/chateaucartierhotelresort.com\/#website\",\"url\":\"https:\/\/chateaucartierhotelresort.com\/\",\"name\":\"Gatineau H\u00f4tel Spa Ascend H\u00f4tel Collection - Ch\u00e2teau Cartier H\u00f4tel &amp; Resort\",\"description\":\"\",\"potentialAction\":[{\"@type\":\"SearchAction\",\"target\":{\"@type\":\"EntryPoint\",\"urlTemplate\":\"https:\/\/chateaucartierhotelresort.com\/?s={search_term_string}\"},\"query-input\":{\"@type\":\"PropertyValueSpecification\",\"valueRequired\":true,\"valueName\":\"search_term_string\"}}],\"inLanguage\":\"en-US\"}]}<\/script>\n<!-- \/ Yoast SEO Premium plugin. -->","yoast_head_json":{"title":"Newsletter - Ch\u00e2teau Cartier and Hotel Gatineau","description":"Subscribe to the Ch\u00e2teau Cartier newsletter for updates, exclusive offers, and news about our Gatineau hotel and resort.","robots":{"index":"index","follow":"follow","max-snippet":"max-snippet:-1","max-image-preview":"max-image-preview:large","max-video-preview":"max-video-preview:-1"},"canonical":"https:\/\/chateaucartierhotelresort.com\/en\/newsletter\/","og_locale":"en_US","og_type":"article","og_title":"Newsletter","og_description":"Subscribe to the Ch\u00e2teau Cartier newsletter for updates, exclusive offers, and news about our Gatineau hotel and resort.","og_url":"https:\/\/chateaucartierhotelresort.com\/en\/newsletter\/","og_site_name":"Gatineau H\u00f4tel Spa Ascend H\u00f4tel Collection - Ch\u00e2teau Cartier H\u00f4tel &amp; Resort","article_modified_time":"2024-09-06T18:43:44+00:00","twitter_card":"summary_large_image","schema":{"@context":"https:\/\/schema.org","@graph":[{"@type":"WebPage","@id":"https:\/\/chateaucartierhotelresort.com\/en\/newsletter\/","url":"https:\/\/chateaucartierhotelresort.com\/en\/newsletter\/","name":"Newsletter - Ch\u00e2teau Cartier and Hotel Gatineau","isPartOf":{"@id":"https:\/\/chateaucartierhotelresort.com\/#website"},"datePublished":"2024-07-03T15:24:14+00:00","dateModified":"2024-09-06T18:43:44+00:00","description":"Subscribe to the Ch\u00e2teau Cartier newsletter for updates, exclusive offers, and news about our Gatineau hotel and resort.","breadcrumb":{"@id":"https:\/\/chateaucartierhotelresort.com\/en\/newsletter\/#breadcrumb"},"inLanguage":"en-US","potentialAction":[{"@type":"ReadAction","target":["https:\/\/chateaucartierhotelresort.com\/en\/newsletter\/"]}]},{"@type":"BreadcrumbList","@id":"https:\/\/chateaucartierhotelresort.com\/en\/newsletter\/#breadcrumb","itemListElement":[{"@type":"ListItem","position":1,"name":"Home","item":"https:\/\/chateaucartierhotelresort.com\/en\/"},{"@type":"ListItem","position":2,"name":"Newsletter"}]},{"@type":"WebSite","@id":"https:\/\/chateaucartierhotelresort.com\/#website","url":"https:\/\/chateaucartierhotelresort.com\/","name":"Gatineau H\u00f4tel Spa Ascend H\u00f4tel Collection - Ch\u00e2teau Cartier H\u00f4tel &amp; Resort","description":"","potentialAction":[{"@type":"SearchAction","target":{"@type":"EntryPoint","urlTemplate":"https:\/\/chateaucartierhotelresort.com\/?s={search_term_string}"},"query-input":{"@type":"PropertyValueSpecification","valueRequired":true,"valueName":"search_term_string"}}],"inLanguage":"en-US"}]}},"_links":{"self":[{"href":"https:\/\/chateaucartierhotelresort.com\/en\/wp-json\/wp\/v2\/pages\/160","targetHints":{"allow":["GET"]}}],"collection":[{"href":"https:\/\/chateaucartierhotelresort.com\/en\/wp-json\/wp\/v2\/pages"}],"about":[{"href":"https:\/\/chateaucartierhotelresort.com\/en\/wp-json\/wp\/v2\/types\/page"}],"author":[{"embeddable":true,"href":"https:\/\/chateaucartierhotelresort.com\/en\/wp-json\/wp\/v2\/users\/1"}],"replies":[{"embeddable":true,"href":"https:\/\/chateaucartierhotelresort.com\/en\/wp-json\/wp\/v2\/comments?post=160"}],"version-history":[{"count":1,"href":"https:\/\/chateaucartierhotelresort.com\/en\/wp-json\/wp\/v2\/pages\/160\/revisions"}],"predecessor-version":[{"id":161,"href":"https:\/\/chateaucartierhotelresort.com\/en\/wp-json\/wp\/v2\/pages\/160\/revisions\/161"}],"wp:attachment":[{"href":"https:\/\/chateaucartierhotelresort.com\/en\/wp-json\/wp\/v2\/media?parent=160"}],"curies":[{"name":"wp","href":"https:\/\/api.w.org\/{rel}","templated":true}]}}